{"id":93,"date":"2024-06-27T21:23:02","date_gmt":"2024-06-27T21:23:02","guid":{"rendered":"https:\/\/budrem-augustow.pl\/?page_id=93"},"modified":"2024-06-28T09:34:47","modified_gmt":"2024-06-28T09:34:47","slug":"budownictwo-przemyslowe","status":"publish","type":"page","link":"https:\/\/budrem-augustow.pl\/index.php\/budownictwo-przemyslowe\/","title":{"rendered":"Budownictwo przemys\u0142owe"},"content":{"rendered":"\t\t<div data-elementor-type=\"wp-page\" data-elementor-id=\"93\" class=\"elementor elementor-93\" data-elementor-post-type=\"page\">\n\t\t\t\t\t\t<section class=\"elementor-section elementor-top-section elementor-element elementor-element-ba6e2a1 elementor-section-boxed elementor-section-height-default elementor-section-height-default\" data-id=\"ba6e2a1\" data-element_type=\"section\">\n\t\t\t\t\t\t<div class=\"elementor-container elementor-column-gap-no\">\n\t\t\t\t\t<div class=\"elementor-column elementor-col-50 elementor-top-column elementor-element elementor-element-bb200d2\" data-id=\"bb200d2\" data-element_type=\"column\">\n\t\t\t<div class=\"elementor-widget-wrap elementor-element-populated\">\n\t\t\t\t\t\t<div class=\"elementor-element elementor-element-9f0af33 elementor-invisible elementor-widget elementor-widget-image\" data-id=\"9f0af33\" data-element_type=\"widget\" data-settings=\"{&quot;_animation&quot;:&quot;fadeInLeft&quot;}\" data-widget_type=\"image.default\">\n\t\t\t\t<div class=\"elementor-widget-container\">\n\t\t\t\t\t\t\t\t\t\t\t\t\t\t\t<img fetchpriority=\"high\" decoding=\"async\" width=\"683\" height=\"1024\" src=\"https:\/\/budrem-augustow.pl\/wp-content\/uploads\/2024\/06\/technical-plan-drawing-laptop-683x1024.jpg\" class=\"attachment-large size-large wp-image-95\" alt=\"\" srcset=\"https:\/\/budrem-augustow.pl\/wp-content\/uploads\/2024\/06\/technical-plan-drawing-laptop-683x1024.jpg 683w, https:\/\/budrem-augustow.pl\/wp-content\/uploads\/2024\/06\/technical-plan-drawing-laptop-200x300.jpg 200w, https:\/\/budrem-augustow.pl\/wp-content\/uploads\/2024\/06\/technical-plan-drawing-laptop-768x1152.jpg 768w, https:\/\/budrem-augustow.pl\/wp-content\/uploads\/2024\/06\/technical-plan-drawing-laptop-1024x1536.jpg 1024w, https:\/\/budrem-augustow.pl\/wp-content\/uploads\/2024\/06\/technical-plan-drawing-laptop-1365x2048.jpg 1365w, https:\/\/budrem-augustow.pl\/wp-content\/uploads\/2024\/06\/technical-plan-drawing-laptop-scaled.jpg 1707w\" sizes=\"(max-width: 683px) 100vw, 683px\" \/>\t\t\t\t\t\t\t\t\t\t\t\t\t\t\t<\/div>\n\t\t\t\t<\/div>\n\t\t\t\t\t<\/div>\n\t\t<\/div>\n\t\t\t\t<div class=\"elementor-column elementor-col-50 elementor-top-column elementor-element elementor-element-8502274 animated-slow elementor-invisible\" data-id=\"8502274\" data-element_type=\"column\" data-settings=\"{&quot;animation&quot;:&quot;fadeIn&quot;}\">\n\t\t\t<div class=\"elementor-widget-wrap elementor-element-populated\">\n\t\t\t\t\t\t<div class=\"elementor-element elementor-element-4b9494a elementor-widget elementor-widget-heading\" data-id=\"4b9494a\" data-element_type=\"widget\" data-widget_type=\"heading.default\">\n\t\t\t\t<div class=\"elementor-widget-container\">\n\t\t\t\t\t<h2 class=\"elementor-heading-title elementor-size-default\">Generalny wykonawca budownictwa przemys\u0142owego<\/h2>\t\t\t\t<\/div>\n\t\t\t\t<\/div>\n\t\t\t\t<div class=\"elementor-element elementor-element-8b8cae8 elementor-widget-divider--view-line elementor-invisible elementor-widget elementor-widget-divider\" data-id=\"8b8cae8\" data-element_type=\"widget\" data-settings=\"{&quot;_animation&quot;:&quot;fadeInUp&quot;}\" data-widget_type=\"divider.default\">\n\t\t\t\t<div class=\"elementor-widget-container\">\n\t\t\t\t\t\t\t<div class=\"elementor-divider\">\n\t\t\t<span class=\"elementor-divider-separator\">\n\t\t\t\t\t\t<\/span>\n\t\t<\/div>\n\t\t\t\t\t\t<\/div>\n\t\t\t\t<\/div>\n\t\t\t\t<div class=\"elementor-element elementor-element-361df9e elementor-widget elementor-widget-text-editor\" data-id=\"361df9e\" data-element_type=\"widget\" data-widget_type=\"text-editor.default\">\n\t\t\t\t<div class=\"elementor-widget-container\">\n\t\t\t\t\t\t\t\t\t<p>Nasza firma realizuje tak\u017ce projekty z zakresu budownictwa przemys\u0142owego. Jako generalny wykonawca oferujemy klientom biznesowym<strong> budow\u0119 magazyn\u00f3w wysokiego sk\u0142adowania, hal ch\u0142odniczych, centra handlowe, budow\u0119 budynk\u00f3w us\u0142ugowo-handlowych<\/strong> typu <strong>Biedronka, Stokrotka<\/strong>, <strong>budowa budynk\u00f3w us\u0142ugowo-mieszkalnych, produkcyjnych, <\/strong>oraz<strong> budynki u\u017cyteczno\u015bci publicznej.<\/strong><\/p><p>Podobnie jak przy budownictwie wielorodzinnym okre\u015blamy szczeg\u00f3\u0142owo zakres prac i harmonogram rzeczowo-finansowy realizacji poszczeg\u00f3lnych prac budowy. W procesie inwestycyjnym zapewniamy <strong>kompleksow\u0105 us\u0142ug\u0119 budowlan\u0105<\/strong>,<strong> zarz\u0105dzanie i koordynacj\u0119 wszystkich etap\u00f3w budowy<\/strong>.\u00a0 Wszystkie budowy s\u0105 monitorowane, co umo\u017cliwia sta\u0142\u0105 kontrol\u0119 i eliminacj\u0119 potencjalnego ryzyka w procesie budowy.\u00a0<\/p><p>Zapewniamy wieloletni\u0105 gwarancj\u0119 na wykonane us\u0142ugi.<\/p><p>Zapraszamy do wsp\u00f3\u0142pracy, oraz do zapoznania si\u0119 z naszymi realizacjami.<\/p>\t\t\t\t\t\t\t\t<\/div>\n\t\t\t\t<\/div>\n\t\t\t\t<div class=\"elementor-element elementor-element-c469a44 elementor-widget elementor-widget-button\" data-id=\"c469a44\" data-element_type=\"widget\" data-widget_type=\"button.default\">\n\t\t\t\t<div class=\"elementor-widget-container\">\n\t\t\t\t\t\t\t\t\t<div class=\"elementor-button-wrapper\">\n\t\t\t\t\t<a class=\"elementor-button elementor-button-link elementor-size-sm\" href=\"https:\/\/budrem-augustow.pl\/index.php\/nasze-realizacje\/\">\n\t\t\t\t\t\t<span class=\"elementor-button-content-wrapper\">\n\t\t\t\t\t\t\t\t\t<span class=\"elementor-button-text\">Realizacje<\/span>\n\t\t\t\t\t<\/span>\n\t\t\t\t\t<\/a>\n\t\t\t\t<\/div>\n\t\t\t\t\t\t\t\t<\/div>\n\t\t\t\t<\/div>\n\t\t\t\t\t<\/div>\n\t\t<\/div>\n\t\t\t\t\t<\/div>\n\t\t<\/section>\n\t\t\t\t<section class=\"elementor-section elementor-top-section elementor-element elementor-element-a6a0b elementor-section-boxed elementor-section-height-default elementor-section-height-default\" data-id=\"a6a0b\" data-element_type=\"section\" data-settings=\"{&quot;background_background&quot;:&quot;classic&quot;}\">\n\t\t\t\t\t\t<div class=\"elementor-container elementor-column-gap-no\">\n\t\t\t\t\t<div class=\"elementor-column elementor-col-50 elementor-top-column elementor-element elementor-element-4ddf4499\" data-id=\"4ddf4499\" data-element_type=\"column\">\n\t\t\t<div class=\"elementor-widget-wrap elementor-element-populated\">\n\t\t\t\t\t\t<div class=\"elementor-element elementor-element-520ee34a elementor-invisible elementor-widget elementor-widget-heading\" data-id=\"520ee34a\" data-element_type=\"widget\" data-settings=\"{&quot;_animation&quot;:&quot;fadeInUp&quot;}\" data-widget_type=\"heading.default\">\n\t\t\t\t<div class=\"elementor-widget-container\">\n\t\t\t\t\t<h2 class=\"elementor-heading-title elementor-size-default\">Masz pytania lub chcesz rozpocz\u0105\u0107 nowy projekt?<\/h2>\t\t\t\t<\/div>\n\t\t\t\t<\/div>\n\t\t\t\t\t<\/div>\n\t\t<\/div>\n\t\t\t\t<div class=\"elementor-column elementor-col-50 elementor-top-column elementor-element elementor-element-6b03b08b\" data-id=\"6b03b08b\" data-element_type=\"column\">\n\t\t\t<div class=\"elementor-widget-wrap elementor-element-populated\">\n\t\t\t\t\t\t<div class=\"elementor-element elementor-element-7807cc3c elementor-align-right elementor-tablet-align-center elementor-mobile-align-center elementor-invisible elementor-widget elementor-widget-button\" data-id=\"7807cc3c\" data-element_type=\"widget\" data-settings=\"{&quot;_animation&quot;:&quot;fadeInUp&quot;}\" data-widget_type=\"button.default\">\n\t\t\t\t<div class=\"elementor-widget-container\">\n\t\t\t\t\t\t\t\t\t<div class=\"elementor-button-wrapper\">\n\t\t\t\t\t<a class=\"elementor-button elementor-button-link elementor-size-md\" href=\"#\">\n\t\t\t\t\t\t<span class=\"elementor-button-content-wrapper\">\n\t\t\t\t\t\t\t\t\t<span class=\"elementor-button-text\">Skontaktuj si\u0119 <\/span>\n\t\t\t\t\t<\/span>\n\t\t\t\t\t<\/a>\n\t\t\t\t<\/div>\n\t\t\t\t\t\t\t\t<\/div>\n\t\t\t\t<\/div>\n\t\t\t\t\t<\/div>\n\t\t<\/div>\n\t\t\t\t\t<\/div>\n\t\t<\/section>\n\t\t\t\t<\/div>\n\t\t","protected":false},"excerpt":{"rendered":"<p>Generalny wykonawca budownictwa przemys\u0142owego Nasza firma realizuje tak\u017ce projekty z zakresu budownictwa przemys\u0142owego. Jako generalny wykonawca oferujemy klientom biznesowym budow\u0119 magazyn\u00f3w wysokiego sk\u0142adowania, hal ch\u0142odniczych, centra handlowe, budow\u0119 budynk\u00f3w us\u0142ugowo-handlowych typu Biedronka, Stokrotka, budowa budynk\u00f3w us\u0142ugowo-mieszkalnych, produkcyjnych, oraz budynki u\u017cyteczno\u015bci publicznej. Podobnie jak przy budownictwie wielorodzinnym okre\u015blamy szczeg\u00f3\u0142owo zakres prac i harmonogram rzeczowo-finansowy realizacji poszczeg\u00f3lnych [&hellip;]<\/p>\n","protected":false},"author":1,"featured_media":0,"parent":0,"menu_order":0,"comment_status":"closed","ping_status":"closed","template":"","meta":{"_monsterinsights_skip_tracking":false,"_monsterinsights_sitenote_active":false,"_monsterinsights_sitenote_note":"","_monsterinsights_sitenote_category":0,"ocean_post_layout":"","ocean_both_sidebars_style":"","ocean_both_sidebars_content_width":0,"ocean_both_sidebars_sidebars_width":0,"ocean_sidebar":"0","ocean_second_sidebar":"0","ocean_disable_margins":"enable","ocean_add_body_class":"","ocean_shortcode_before_top_bar":"","ocean_shortcode_after_top_bar":"","ocean_shortcode_before_header":"","ocean_shortcode_after_header":"","ocean_has_shortcode":"","ocean_shortcode_after_title":"","ocean_shortcode_before_footer_widgets":"","ocean_shortcode_after_footer_widgets":"","ocean_shortcode_before_footer_bottom":"","ocean_shortcode_after_footer_bottom":"","ocean_display_top_bar":"default","ocean_display_header":"default","ocean_header_style":"","ocean_center_header_left_menu":"0","ocean_custom_header_template":"0","ocean_custom_logo":0,"ocean_custom_retina_logo":0,"ocean_custom_logo_max_width":0,"ocean_custom_logo_tablet_max_width":0,"ocean_custom_logo_mobile_max_width":0,"ocean_custom_logo_max_height":0,"ocean_custom_logo_tablet_max_height":0,"ocean_custom_logo_mobile_max_height":0,"ocean_header_custom_menu":"0","ocean_menu_typo_font_family":"0","ocean_menu_typo_font_subset":"","ocean_menu_typo_font_size":0,"ocean_menu_typo_font_size_tablet":0,"ocean_menu_typo_font_size_mobile":0,"ocean_menu_typo_font_size_unit":"px","ocean_menu_typo_font_weight":"","ocean_menu_typo_font_weight_tablet":"","ocean_menu_typo_font_weight_mobile":"","ocean_menu_typo_transform":"","ocean_menu_typo_transform_tablet":"","ocean_menu_typo_transform_mobile":"","ocean_menu_typo_line_height":0,"ocean_menu_typo_line_height_tablet":0,"ocean_menu_typo_line_height_mobile":0,"ocean_menu_typo_line_height_unit":"","ocean_menu_typo_spacing":0,"ocean_menu_typo_spacing_tablet":0,"ocean_menu_typo_spacing_mobile":0,"ocean_menu_typo_spacing_unit":"","ocean_menu_link_color":"","ocean_menu_link_color_hover":"","ocean_menu_link_color_active":"","ocean_menu_link_background":"","ocean_menu_link_hover_background":"","ocean_menu_link_active_background":"","ocean_menu_social_links_bg":"","ocean_menu_social_hover_links_bg":"","ocean_menu_social_links_color":"","ocean_menu_social_hover_links_color":"","ocean_disable_title":"default","ocean_disable_heading":"default","ocean_post_title":"","ocean_post_subheading":"","ocean_post_title_style":"","ocean_post_title_background_color":"","ocean_post_title_background":0,"ocean_post_title_bg_image_position":"","ocean_post_title_bg_image_attachment":"","ocean_post_title_bg_image_repeat":"","ocean_post_title_bg_image_size":"","ocean_post_title_height":0,"ocean_post_title_bg_overlay":0.5,"ocean_post_title_bg_overlay_color":"","ocean_disable_breadcrumbs":"default","ocean_breadcrumbs_color":"","ocean_breadcrumbs_separator_color":"","ocean_breadcrumbs_links_color":"","ocean_breadcrumbs_links_hover_color":"","ocean_display_footer_widgets":"default","ocean_display_footer_bottom":"default","ocean_custom_footer_template":"0","footnotes":""},"yoast_head":"<!-- This site is optimized with the Yoast SEO plugin v24.5 - https:\/\/yoast.com\/wordpress\/plugins\/seo\/ -->\n<title>Budownictwo przemys\u0142owe - Bud rem<\/title>\n<meta name=\"robots\" content=\"index, follow, max-snippet:-1, max-image-preview:large, max-video-preview:-1\" \/>\n<link rel=\"canonical\" href=\"https:\/\/budrem-augustow.pl\/index.php\/budownictwo-przemyslowe\/\" \/>\n<meta property=\"og:locale\" content=\"pl_PL\" \/>\n<meta property=\"og:type\" content=\"article\" \/>\n<meta property=\"og:title\" content=\"Budownictwo przemys\u0142owe - Bud rem\" \/>\n<meta property=\"og:description\" content=\"Generalny wykonawca budownictwa przemys\u0142owego Nasza firma realizuje tak\u017ce projekty z zakresu budownictwa przemys\u0142owego. Jako generalny wykonawca oferujemy klientom biznesowym budow\u0119 magazyn\u00f3w wysokiego sk\u0142adowania, hal ch\u0142odniczych, centra handlowe, budow\u0119 budynk\u00f3w us\u0142ugowo-handlowych typu Biedronka, Stokrotka, budowa budynk\u00f3w us\u0142ugowo-mieszkalnych, produkcyjnych, oraz budynki u\u017cyteczno\u015bci publicznej. Podobnie jak przy budownictwie wielorodzinnym okre\u015blamy szczeg\u00f3\u0142owo zakres prac i harmonogram rzeczowo-finansowy realizacji poszczeg\u00f3lnych [&hellip;]\" \/>\n<meta property=\"og:url\" content=\"https:\/\/budrem-augustow.pl\/index.php\/budownictwo-przemyslowe\/\" \/>\n<meta property=\"og:site_name\" content=\"Bud rem\" \/>\n<meta property=\"article:modified_time\" content=\"2024-06-28T09:34:47+00:00\" \/>\n<meta property=\"og:image\" content=\"https:\/\/budrem-augustow.pl\/wp-content\/uploads\/2024\/06\/technical-plan-drawing-laptop-683x1024.jpg\" \/>\n<meta name=\"twitter:card\" content=\"summary_large_image\" \/>\n<meta name=\"twitter:label1\" content=\"Szacowany czas czytania\" \/>\n\t<meta name=\"twitter:data1\" content=\"1 minuta\" \/>\n<script type=\"application\/ld+json\" class=\"yoast-schema-graph\">{\"@context\":\"https:\/\/schema.org\",\"@graph\":[{\"@type\":\"WebPage\",\"@id\":\"https:\/\/budrem-augustow.pl\/index.php\/budownictwo-przemyslowe\/\",\"url\":\"https:\/\/budrem-augustow.pl\/index.php\/budownictwo-przemyslowe\/\",\"name\":\"Budownictwo przemys\u0142owe - Bud rem\",\"isPartOf\":{\"@id\":\"https:\/\/budrem-augustow.pl\/#website\"},\"primaryImageOfPage\":{\"@id\":\"https:\/\/budrem-augustow.pl\/index.php\/budownictwo-przemyslowe\/#primaryimage\"},\"image\":{\"@id\":\"https:\/\/budrem-augustow.pl\/index.php\/budownictwo-przemyslowe\/#primaryimage\"},\"thumbnailUrl\":\"https:\/\/budrem-augustow.pl\/wp-content\/uploads\/2024\/06\/technical-plan-drawing-laptop-683x1024.jpg\",\"datePublished\":\"2024-06-27T21:23:02+00:00\",\"dateModified\":\"2024-06-28T09:34:47+00:00\",\"breadcrumb\":{\"@id\":\"https:\/\/budrem-augustow.pl\/index.php\/budownictwo-przemyslowe\/#breadcrumb\"},\"inLanguage\":\"pl-PL\",\"potentialAction\":[{\"@type\":\"ReadAction\",\"target\":[\"https:\/\/budrem-augustow.pl\/index.php\/budownictwo-przemyslowe\/\"]}]},{\"@type\":\"ImageObject\",\"inLanguage\":\"pl-PL\",\"@id\":\"https:\/\/budrem-augustow.pl\/index.php\/budownictwo-przemyslowe\/#primaryimage\",\"url\":\"https:\/\/budrem-augustow.pl\/wp-content\/uploads\/2024\/06\/technical-plan-drawing-laptop-scaled.jpg\",\"contentUrl\":\"https:\/\/budrem-augustow.pl\/wp-content\/uploads\/2024\/06\/technical-plan-drawing-laptop-scaled.jpg\",\"width\":1707,\"height\":2560},{\"@type\":\"BreadcrumbList\",\"@id\":\"https:\/\/budrem-augustow.pl\/index.php\/budownictwo-przemyslowe\/#breadcrumb\",\"itemListElement\":[{\"@type\":\"ListItem\",\"position\":1,\"name\":\"Strona g\u0142\u00f3wna\",\"item\":\"https:\/\/budrem-augustow.pl\/\"},{\"@type\":\"ListItem\",\"position\":2,\"name\":\"Budownictwo przemys\u0142owe\"}]},{\"@type\":\"WebSite\",\"@id\":\"https:\/\/budrem-augustow.pl\/#website\",\"url\":\"https:\/\/budrem-augustow.pl\/\",\"name\":\"Bud Rem\",\"description\":\"Stanis\u0142aw Nied\u017cwiecki\",\"publisher\":{\"@id\":\"https:\/\/budrem-augustow.pl\/#organization\"},\"alternateName\":\"Bud Rem Stanis\u0142aw Nied\u017cwiecki\",\"potentialAction\":[{\"@type\":\"SearchAction\",\"target\":{\"@type\":\"EntryPoint\",\"urlTemplate\":\"https:\/\/budrem-augustow.pl\/?s={search_term_string}\"},\"query-input\":{\"@type\":\"PropertyValueSpecification\",\"valueRequired\":true,\"valueName\":\"search_term_string\"}}],\"inLanguage\":\"pl-PL\"},{\"@type\":\"Organization\",\"@id\":\"https:\/\/budrem-augustow.pl\/#organization\",\"name\":\"Bud Rem\",\"alternateName\":\"Bud Rem Stanis\u0142aw Nied\u017cwiecki\",\"url\":\"https:\/\/budrem-augustow.pl\/\",\"logo\":{\"@type\":\"ImageObject\",\"inLanguage\":\"pl-PL\",\"@id\":\"https:\/\/budrem-augustow.pl\/#\/schema\/logo\/image\/\",\"url\":\"https:\/\/budrem-augustow.pl\/wp-content\/uploads\/2024\/06\/cropped-logo3.png\",\"contentUrl\":\"https:\/\/budrem-augustow.pl\/wp-content\/uploads\/2024\/06\/cropped-logo3.png\",\"width\":512,\"height\":512,\"caption\":\"Bud Rem\"},\"image\":{\"@id\":\"https:\/\/budrem-augustow.pl\/#\/schema\/logo\/image\/\"}}]}<\/script>\n<!-- \/ Yoast SEO plugin. -->","yoast_head_json":{"title":"Budownictwo przemys\u0142owe - Bud rem","robots":{"index":"index","follow":"follow","max-snippet":"max-snippet:-1","max-image-preview":"max-image-preview:large","max-video-preview":"max-video-preview:-1"},"canonical":"https:\/\/budrem-augustow.pl\/index.php\/budownictwo-przemyslowe\/","og_locale":"pl_PL","og_type":"article","og_title":"Budownictwo przemys\u0142owe - Bud rem","og_description":"Generalny wykonawca budownictwa przemys\u0142owego Nasza firma realizuje tak\u017ce projekty z zakresu budownictwa przemys\u0142owego. Jako generalny wykonawca oferujemy klientom biznesowym budow\u0119 magazyn\u00f3w wysokiego sk\u0142adowania, hal ch\u0142odniczych, centra handlowe, budow\u0119 budynk\u00f3w us\u0142ugowo-handlowych typu Biedronka, Stokrotka, budowa budynk\u00f3w us\u0142ugowo-mieszkalnych, produkcyjnych, oraz budynki u\u017cyteczno\u015bci publicznej. Podobnie jak przy budownictwie wielorodzinnym okre\u015blamy szczeg\u00f3\u0142owo zakres prac i harmonogram rzeczowo-finansowy realizacji poszczeg\u00f3lnych [&hellip;]","og_url":"https:\/\/budrem-augustow.pl\/index.php\/budownictwo-przemyslowe\/","og_site_name":"Bud rem","article_modified_time":"2024-06-28T09:34:47+00:00","og_image":[{"url":"https:\/\/budrem-augustow.pl\/wp-content\/uploads\/2024\/06\/technical-plan-drawing-laptop-683x1024.jpg","type":"","width":"","height":""}],"twitter_card":"summary_large_image","twitter_misc":{"Szacowany czas czytania":"1 minuta"},"schema":{"@context":"https:\/\/schema.org","@graph":[{"@type":"WebPage","@id":"https:\/\/budrem-augustow.pl\/index.php\/budownictwo-przemyslowe\/","url":"https:\/\/budrem-augustow.pl\/index.php\/budownictwo-przemyslowe\/","name":"Budownictwo przemys\u0142owe - Bud rem","isPartOf":{"@id":"https:\/\/budrem-augustow.pl\/#website"},"primaryImageOfPage":{"@id":"https:\/\/budrem-augustow.pl\/index.php\/budownictwo-przemyslowe\/#primaryimage"},"image":{"@id":"https:\/\/budrem-augustow.pl\/index.php\/budownictwo-przemyslowe\/#primaryimage"},"thumbnailUrl":"https:\/\/budrem-augustow.pl\/wp-content\/uploads\/2024\/06\/technical-plan-drawing-laptop-683x1024.jpg","datePublished":"2024-06-27T21:23:02+00:00","dateModified":"2024-06-28T09:34:47+00:00","breadcrumb":{"@id":"https:\/\/budrem-augustow.pl\/index.php\/budownictwo-przemyslowe\/#breadcrumb"},"inLanguage":"pl-PL","potentialAction":[{"@type":"ReadAction","target":["https:\/\/budrem-augustow.pl\/index.php\/budownictwo-przemyslowe\/"]}]},{"@type":"ImageObject","inLanguage":"pl-PL","@id":"https:\/\/budrem-augustow.pl\/index.php\/budownictwo-przemyslowe\/#primaryimage","url":"https:\/\/budrem-augustow.pl\/wp-content\/uploads\/2024\/06\/technical-plan-drawing-laptop-scaled.jpg","contentUrl":"https:\/\/budrem-augustow.pl\/wp-content\/uploads\/2024\/06\/technical-plan-drawing-laptop-scaled.jpg","width":1707,"height":2560},{"@type":"BreadcrumbList","@id":"https:\/\/budrem-augustow.pl\/index.php\/budownictwo-przemyslowe\/#breadcrumb","itemListElement":[{"@type":"ListItem","position":1,"name":"Strona g\u0142\u00f3wna","item":"https:\/\/budrem-augustow.pl\/"},{"@type":"ListItem","position":2,"name":"Budownictwo przemys\u0142owe"}]},{"@type":"WebSite","@id":"https:\/\/budrem-augustow.pl\/#website","url":"https:\/\/budrem-augustow.pl\/","name":"Bud Rem","description":"Stanis\u0142aw Nied\u017cwiecki","publisher":{"@id":"https:\/\/budrem-augustow.pl\/#organization"},"alternateName":"Bud Rem Stanis\u0142aw Nied\u017cwiecki","potentialAction":[{"@type":"SearchAction","target":{"@type":"EntryPoint","urlTemplate":"https:\/\/budrem-augustow.pl\/?s={search_term_string}"},"query-input":{"@type":"PropertyValueSpecification","valueRequired":true,"valueName":"search_term_string"}}],"inLanguage":"pl-PL"},{"@type":"Organization","@id":"https:\/\/budrem-augustow.pl\/#organization","name":"Bud Rem","alternateName":"Bud Rem Stanis\u0142aw Nied\u017cwiecki","url":"https:\/\/budrem-augustow.pl\/","logo":{"@type":"ImageObject","inLanguage":"pl-PL","@id":"https:\/\/budrem-augustow.pl\/#\/schema\/logo\/image\/","url":"https:\/\/budrem-augustow.pl\/wp-content\/uploads\/2024\/06\/cropped-logo3.png","contentUrl":"https:\/\/budrem-augustow.pl\/wp-content\/uploads\/2024\/06\/cropped-logo3.png","width":512,"height":512,"caption":"Bud Rem"},"image":{"@id":"https:\/\/budrem-augustow.pl\/#\/schema\/logo\/image\/"}}]}},"_links":{"self":[{"href":"https:\/\/budrem-augustow.pl\/index.php\/wp-json\/wp\/v2\/pages\/93"}],"collection":[{"href":"https:\/\/budrem-augustow.pl\/index.php\/wp-json\/wp\/v2\/pages"}],"about":[{"href":"https:\/\/budrem-augustow.pl\/index.php\/wp-json\/wp\/v2\/types\/page"}],"author":[{"embeddable":true,"href":"https:\/\/budrem-augustow.pl\/index.php\/wp-json\/wp\/v2\/users\/1"}],"replies":[{"embeddable":true,"href":"https:\/\/budrem-augustow.pl\/index.php\/wp-json\/wp\/v2\/comments?post=93"}],"version-history":[{"count":7,"href":"https:\/\/budrem-augustow.pl\/index.php\/wp-json\/wp\/v2\/pages\/93\/revisions"}],"predecessor-version":[{"id":377,"href":"https:\/\/budrem-augustow.pl\/index.php\/wp-json\/wp\/v2\/pages\/93\/revisions\/377"}],"wp:attachment":[{"href":"https:\/\/budrem-augustow.pl\/index.php\/wp-json\/wp\/v2\/media?parent=93"}],"curies":[{"name":"wp","href":"https:\/\/api.w.org\/{rel}","templated":true}]}}